{"id":31,"date":"2020-12-01T10:24:02","date_gmt":"2020-12-01T09:24:02","guid":{"rendered":"https:\/\/clickandcollect.li\/boulangerie-du-marche\/?post_type=product&#038;p=31"},"modified":"2024-11-11T00:58:23","modified_gmt":"2024-11-10T23:58:23","slug":"chocolatine","status":"publish","type":"product","link":"https:\/\/clickandcollect.li\/boulangerie-du-marche\/produit\/chocolatine\/","title":{"rendered":"Chocolatine"},"content":{"rendered":"<p>Qu&rsquo;on l&rsquo;appelle pain au chocolat ou chocolatine sa recette pur beurre fait honneur aux grands classiques de la viennoiserie fran\u00e7aise. Ses deux barres chocolat\u00e9es apportent toute la gourmandise au petit d\u00e9jeuner ou au go\u00fbter.<\/p>\n","protected":false},"excerpt":{"rendered":"<p>Qu&rsquo;on l&rsquo;appelle pain au chocolat ou chocolatine sa recette pur beurre fait honneur aux grands classiques de la viennoiserie fran\u00e7aise. Ses deux barres chocolat\u00e9es apportent toute la gourmandise au petit d\u00e9jeuner ou au go\u00fbter.<\/p>\n","protected":false},"featured_media":145,"comment_status":"open","ping_status":"closed","template":"","meta":{"site-sidebar-layout":"default","site-content-layout":"default","ast-site-content-layout":"default","site-content-style":"default","site-sidebar-style":"default","ast-global-header-display":"","ast-banner-title-visibility":"","ast-main-header-display":"","ast-hfb-above-header-display":"","ast-hfb-below-header-display":"","ast-hfb-mobile-header-display":"","site-post-title":"","ast-breadcrumbs-content":"","ast-featured-img":"","footer-sml-layout":"","ast-disable-related-posts":"","theme-transparent-header-meta":"default","adv-header-id-meta":"","stick-header-meta":"","header-above-stick-meta":"","header-main-stick-meta":"","header-below-stick-meta":"","astra-migrate-meta-layouts":"default","ast-page-background-enabled":"default","ast-page-background-meta":{"desktop":{"background-color":"","background-image":"","background-repeat":"repeat","background-position":"center center","background-size":"auto","background-attachment":"scroll","background-type":"","background-media":"","overlay-type":"","overlay-color":"","overlay-opacity":"","overlay-gradient":""},"tablet":{"background-color":"","background-image":"","background-repeat":"repeat","background-position":"center center","background-size":"auto","background-attachment":"scroll","background-type":"","background-media":"","overlay-type":"","overlay-color":"","overlay-opacity":"","overlay-gradient":""},"mobile":{"background-color":"","background-image":"","background-repeat":"repeat","background-position":"center center","background-size":"auto","background-attachment":"scroll","background-type":"","background-media":"","overlay-type":"","overlay-color":"","overlay-opacity":"","overlay-gradient":""}},"ast-content-background-meta":{"desktop":{"background-color":"var(--ast-global-color-5)","background-image":"","background-repeat":"repeat","background-position":"center center","background-size":"auto","background-attachment":"scroll","background-type":"","background-media":"","overlay-type":"","overlay-color":"","overlay-opacity":"","overlay-gradient":""},"tablet":{"background-color":"var(--ast-global-color-5)","background-image":"","background-repeat":"repeat","background-position":"center center","background-size":"auto","background-attachment":"scroll","background-type":"","background-media":"","overlay-type":"","overlay-color":"","overlay-opacity":"","overlay-gradient":""},"mobile":{"background-color":"var(--ast-global-color-5)","background-image":"","background-repeat":"repeat","background-position":"center center","background-size":"auto","background-attachment":"scroll","background-type":"","background-media":"","overlay-type":"","overlay-color":"","overlay-opacity":"","overlay-gradient":""}}},"product_cat":[18],"product_tag":[],"class_list":["post-31","product","type-product","status-publish","has-post-thumbnail","hentry","product_cat-viennoiserie","desktop-align-left","tablet-align-left","mobile-align-left"],"yoast_head":"<!-- This site is optimized with the Yoast SEO plugin v24.9 - https:\/\/yoast.com\/wordpress\/plugins\/seo\/ -->\n<title>Chocolatine - Boulangerie du March\u00e9<\/title>\n<meta name=\"robots\" content=\"index, follow, max-snippet:-1, max-image-preview:large, max-video-preview:-1\" \/>\n<link rel=\"canonical\" href=\"https:\/\/clickandcollect.li\/boulangerie-du-marche\/produit\/chocolatine\/\" \/>\n<meta property=\"og:locale\" content=\"fr_FR\" \/>\n<meta property=\"og:type\" content=\"article\" \/>\n<meta property=\"og:title\" content=\"Chocolatine - Boulangerie du March\u00e9\" \/>\n<meta property=\"og:description\" content=\"Qu&rsquo;on l&rsquo;appelle pain au chocolat ou chocolatine sa recette pur beurre fait honneur aux grands classiques de la viennoiserie fran\u00e7aise. Ses deux barres chocolat\u00e9es apportent toute la gourmandise au petit d\u00e9jeuner ou au go\u00fbter.\" \/>\n<meta property=\"og:url\" content=\"https:\/\/clickandcollect.li\/boulangerie-du-marche\/produit\/chocolatine\/\" \/>\n<meta property=\"og:site_name\" content=\"Boulangerie du March\u00e9\" \/>\n<meta property=\"article:modified_time\" content=\"2024-11-10T23:58:23+00:00\" \/>\n<meta property=\"og:image\" content=\"https:\/\/clickandcollect.li\/boulangerie-du-marche\/wp-content\/uploads\/sites\/4\/2020\/12\/painauchocolat-scaled.jpg\" \/>\n\t<meta property=\"og:image:width\" content=\"2560\" \/>\n\t<meta property=\"og:image:height\" content=\"1707\" \/>\n\t<meta property=\"og:image:type\" content=\"image\/jpeg\" \/>\n<meta name=\"twitter:card\" content=\"summary_large_image\" \/>\n<script type=\"application\/ld+json\" class=\"yoast-schema-graph\">{\"@context\":\"https:\/\/schema.org\",\"@graph\":[{\"@type\":\"WebPage\",\"@id\":\"https:\/\/clickandcollect.li\/boulangerie-du-marche\/produit\/chocolatine\/\",\"url\":\"https:\/\/clickandcollect.li\/boulangerie-du-marche\/produit\/chocolatine\/\",\"name\":\"Chocolatine - Boulangerie du March\u00e9\",\"isPartOf\":{\"@id\":\"https:\/\/clickandcollect.li\/boulangerie-du-marche\/#website\"},\"primaryImageOfPage\":{\"@id\":\"https:\/\/clickandcollect.li\/boulangerie-du-marche\/produit\/chocolatine\/#primaryimage\"},\"image\":{\"@id\":\"https:\/\/clickandcollect.li\/boulangerie-du-marche\/produit\/chocolatine\/#primaryimage\"},\"thumbnailUrl\":\"https:\/\/clickandcollect.li\/boulangerie-du-marche\/wp-content\/uploads\/sites\/4\/2020\/12\/painauchocolat-scaled.jpg\",\"datePublished\":\"2020-12-01T09:24:02+00:00\",\"dateModified\":\"2024-11-10T23:58:23+00:00\",\"breadcrumb\":{\"@id\":\"https:\/\/clickandcollect.li\/boulangerie-du-marche\/produit\/chocolatine\/#breadcrumb\"},\"inLanguage\":\"fr-FR\",\"potentialAction\":[{\"@type\":\"ReadAction\",\"target\":[\"https:\/\/clickandcollect.li\/boulangerie-du-marche\/produit\/chocolatine\/\"]}]},{\"@type\":\"ImageObject\",\"inLanguage\":\"fr-FR\",\"@id\":\"https:\/\/clickandcollect.li\/boulangerie-du-marche\/produit\/chocolatine\/#primaryimage\",\"url\":\"https:\/\/clickandcollect.li\/boulangerie-du-marche\/wp-content\/uploads\/sites\/4\/2020\/12\/painauchocolat-scaled.jpg\",\"contentUrl\":\"https:\/\/clickandcollect.li\/boulangerie-du-marche\/wp-content\/uploads\/sites\/4\/2020\/12\/painauchocolat-scaled.jpg\",\"width\":2560,\"height\":1707},{\"@type\":\"BreadcrumbList\",\"@id\":\"https:\/\/clickandcollect.li\/boulangerie-du-marche\/produit\/chocolatine\/#breadcrumb\",\"itemListElement\":[{\"@type\":\"ListItem\",\"position\":1,\"name\":\"Accueil\",\"item\":\"https:\/\/clickandcollect.li\/boulangerie-du-marche\/\"},{\"@type\":\"ListItem\",\"position\":2,\"name\":\"Boutique\",\"item\":\"https:\/\/clickandcollect.li\/boulangerie-du-marche\/boutique\/\"},{\"@type\":\"ListItem\",\"position\":3,\"name\":\"Chocolatine\"}]},{\"@type\":\"WebSite\",\"@id\":\"https:\/\/clickandcollect.li\/boulangerie-du-marche\/#website\",\"url\":\"https:\/\/clickandcollect.li\/boulangerie-du-marche\/\",\"name\":\"Boulangerie du March\u00e9\",\"description\":\"Un site utilisant Les sites de Click and Collect\",\"publisher\":{\"@id\":\"https:\/\/clickandcollect.li\/boulangerie-du-marche\/#organization\"},\"potentialAction\":[{\"@type\":\"SearchAction\",\"target\":{\"@type\":\"EntryPoint\",\"urlTemplate\":\"https:\/\/clickandcollect.li\/boulangerie-du-marche\/?s={search_term_string}\"},\"query-input\":{\"@type\":\"PropertyValueSpecification\",\"valueRequired\":true,\"valueName\":\"search_term_string\"}}],\"inLanguage\":\"fr-FR\"},{\"@type\":\"Organization\",\"@id\":\"https:\/\/clickandcollect.li\/boulangerie-du-marche\/#organization\",\"name\":\"Boulangerie du March\u00e9\",\"url\":\"https:\/\/clickandcollect.li\/boulangerie-du-marche\/\",\"logo\":{\"@type\":\"ImageObject\",\"inLanguage\":\"fr-FR\",\"@id\":\"https:\/\/clickandcollect.li\/boulangerie-du-marche\/#\/schema\/logo\/image\/\",\"url\":\"https:\/\/clickandcollect.li\/boulangerie-du-marche\/wp-content\/uploads\/sites\/4\/2020\/12\/logo-boulangerie-marche.png\",\"contentUrl\":\"https:\/\/clickandcollect.li\/boulangerie-du-marche\/wp-content\/uploads\/sites\/4\/2020\/12\/logo-boulangerie-marche.png\",\"width\":512,\"height\":512,\"caption\":\"Boulangerie du March\u00e9\"},\"image\":{\"@id\":\"https:\/\/clickandcollect.li\/boulangerie-du-marche\/#\/schema\/logo\/image\/\"}}]}<\/script>\n<!-- \/ Yoast SEO plugin. -->","yoast_head_json":{"title":"Chocolatine - Boulangerie du March\u00e9","robots":{"index":"index","follow":"follow","max-snippet":"max-snippet:-1","max-image-preview":"max-image-preview:large","max-video-preview":"max-video-preview:-1"},"canonical":"https:\/\/clickandcollect.li\/boulangerie-du-marche\/produit\/chocolatine\/","og_locale":"fr_FR","og_type":"article","og_title":"Chocolatine - Boulangerie du March\u00e9","og_description":"Qu&rsquo;on l&rsquo;appelle pain au chocolat ou chocolatine sa recette pur beurre fait honneur aux grands classiques de la viennoiserie fran\u00e7aise. Ses deux barres chocolat\u00e9es apportent toute la gourmandise au petit d\u00e9jeuner ou au go\u00fbter.","og_url":"https:\/\/clickandcollect.li\/boulangerie-du-marche\/produit\/chocolatine\/","og_site_name":"Boulangerie du March\u00e9","article_modified_time":"2024-11-10T23:58:23+00:00","og_image":[{"width":2560,"height":1707,"url":"https:\/\/clickandcollect.li\/boulangerie-du-marche\/wp-content\/uploads\/sites\/4\/2020\/12\/painauchocolat-scaled.jpg","type":"image\/jpeg"}],"twitter_card":"summary_large_image","schema":{"@context":"https:\/\/schema.org","@graph":[{"@type":"WebPage","@id":"https:\/\/clickandcollect.li\/boulangerie-du-marche\/produit\/chocolatine\/","url":"https:\/\/clickandcollect.li\/boulangerie-du-marche\/produit\/chocolatine\/","name":"Chocolatine - Boulangerie du March\u00e9","isPartOf":{"@id":"https:\/\/clickandcollect.li\/boulangerie-du-marche\/#website"},"primaryImageOfPage":{"@id":"https:\/\/clickandcollect.li\/boulangerie-du-marche\/produit\/chocolatine\/#primaryimage"},"image":{"@id":"https:\/\/clickandcollect.li\/boulangerie-du-marche\/produit\/chocolatine\/#primaryimage"},"thumbnailUrl":"https:\/\/clickandcollect.li\/boulangerie-du-marche\/wp-content\/uploads\/sites\/4\/2020\/12\/painauchocolat-scaled.jpg","datePublished":"2020-12-01T09:24:02+00:00","dateModified":"2024-11-10T23:58:23+00:00","breadcrumb":{"@id":"https:\/\/clickandcollect.li\/boulangerie-du-marche\/produit\/chocolatine\/#breadcrumb"},"inLanguage":"fr-FR","potentialAction":[{"@type":"ReadAction","target":["https:\/\/clickandcollect.li\/boulangerie-du-marche\/produit\/chocolatine\/"]}]},{"@type":"ImageObject","inLanguage":"fr-FR","@id":"https:\/\/clickandcollect.li\/boulangerie-du-marche\/produit\/chocolatine\/#primaryimage","url":"https:\/\/clickandcollect.li\/boulangerie-du-marche\/wp-content\/uploads\/sites\/4\/2020\/12\/painauchocolat-scaled.jpg","contentUrl":"https:\/\/clickandcollect.li\/boulangerie-du-marche\/wp-content\/uploads\/sites\/4\/2020\/12\/painauchocolat-scaled.jpg","width":2560,"height":1707},{"@type":"BreadcrumbList","@id":"https:\/\/clickandcollect.li\/boulangerie-du-marche\/produit\/chocolatine\/#breadcrumb","itemListElement":[{"@type":"ListItem","position":1,"name":"Accueil","item":"https:\/\/clickandcollect.li\/boulangerie-du-marche\/"},{"@type":"ListItem","position":2,"name":"Boutique","item":"https:\/\/clickandcollect.li\/boulangerie-du-marche\/boutique\/"},{"@type":"ListItem","position":3,"name":"Chocolatine"}]},{"@type":"WebSite","@id":"https:\/\/clickandcollect.li\/boulangerie-du-marche\/#website","url":"https:\/\/clickandcollect.li\/boulangerie-du-marche\/","name":"Boulangerie du March\u00e9","description":"Un site utilisant Les sites de Click and Collect","publisher":{"@id":"https:\/\/clickandcollect.li\/boulangerie-du-marche\/#organization"},"potentialAction":[{"@type":"SearchAction","target":{"@type":"EntryPoint","urlTemplate":"https:\/\/clickandcollect.li\/boulangerie-du-marche\/?s={search_term_string}"},"query-input":{"@type":"PropertyValueSpecification","valueRequired":true,"valueName":"search_term_string"}}],"inLanguage":"fr-FR"},{"@type":"Organization","@id":"https:\/\/clickandcollect.li\/boulangerie-du-marche\/#organization","name":"Boulangerie du March\u00e9","url":"https:\/\/clickandcollect.li\/boulangerie-du-marche\/","logo":{"@type":"ImageObject","inLanguage":"fr-FR","@id":"https:\/\/clickandcollect.li\/boulangerie-du-marche\/#\/schema\/logo\/image\/","url":"https:\/\/clickandcollect.li\/boulangerie-du-marche\/wp-content\/uploads\/sites\/4\/2020\/12\/logo-boulangerie-marche.png","contentUrl":"https:\/\/clickandcollect.li\/boulangerie-du-marche\/wp-content\/uploads\/sites\/4\/2020\/12\/logo-boulangerie-marche.png","width":512,"height":512,"caption":"Boulangerie du March\u00e9"},"image":{"@id":"https:\/\/clickandcollect.li\/boulangerie-du-marche\/#\/schema\/logo\/image\/"}}]}},"_links":{"self":[{"href":"https:\/\/clickandcollect.li\/boulangerie-du-marche\/wp-json\/wp\/v2\/product\/31","targetHints":{"allow":["GET"]}}],"collection":[{"href":"https:\/\/clickandcollect.li\/boulangerie-du-marche\/wp-json\/wp\/v2\/product"}],"about":[{"href":"https:\/\/clickandcollect.li\/boulangerie-du-marche\/wp-json\/wp\/v2\/types\/product"}],"replies":[{"embeddable":true,"href":"https:\/\/clickandcollect.li\/boulangerie-du-marche\/wp-json\/wp\/v2\/comments?post=31"}],"wp:featuredmedia":[{"embeddable":true,"href":"https:\/\/clickandcollect.li\/boulangerie-du-marche\/wp-json\/wp\/v2\/media\/145"}],"wp:attachment":[{"href":"https:\/\/clickandcollect.li\/boulangerie-du-marche\/wp-json\/wp\/v2\/media?parent=31"}],"wp:term":[{"taxonomy":"product_cat","embeddable":true,"href":"https:\/\/clickandcollect.li\/boulangerie-du-marche\/wp-json\/wp\/v2\/product_cat?post=31"},{"taxonomy":"product_tag","embeddable":true,"href":"https:\/\/clickandcollect.li\/boulangerie-du-marche\/wp-json\/wp\/v2\/product_tag?post=31"}],"curies":[{"name":"wp","href":"https:\/\/api.w.org\/{rel}","templated":true}]}}